{"id":3134,"date":"2025-07-24T14:14:08","date_gmt":"2025-07-24T14:14:08","guid":{"rendered":"https:\/\/ptbcpfutsero.com\/?page_id=3134"},"modified":"2025-07-28T09:08:43","modified_gmt":"2025-07-28T09:08:43","slug":"deacon-and-deaconess","status":"publish","type":"page","link":"https:\/\/ptbcpfutsero.com\/?page_id=3134","title":{"rendered":"Deacon and Deaconess"},"content":{"rendered":"\n<figure class=\"wp-block-table\"><table><tbody><tr><td><strong>S No<\/strong><strong><\/strong><\/td><td><strong>DEACONNESS<\/strong><\/td><\/tr><tr><td>\u00a01<\/td><td>Neichute Tsuzu<\/td><\/tr><tr><td>\u00a02<\/td><td>Medoweu Lomi<\/td><\/tr><tr><td>\u00a03<\/td><td>Muduzolu Lea<\/td><\/tr><tr><td>\u00a04<\/td><td>Savolu Nakro<\/td><\/tr><tr><td>\u00a05<\/td><td>Kedou-\u00fc Lasushe<\/td><\/tr><tr><td>\u00a06<\/td><td>Neitso-\u00fc Khupf\u00fc<\/td><\/tr><tr><td>\u00a07<\/td><td>Kedou-\u00fc Khape<\/td><\/tr><tr><td>\u00a08<\/td><td>Ngupez\u00fc-\u00fc Yhobu<\/td><\/tr><tr><td>\u00a09<\/td><td>Medolhi-\u00fc Thele<\/td><\/tr><tr><td>\u00a010<\/td><td>Neiwekhro-\u00fc Lasuh<\/td><\/tr><tr><td>\u00a011<\/td><td>Wepulhi-\u00fc Mero<\/td><\/tr><tr><td>\u00a012<\/td><td>Kez\u00fctsh\u00fclo-\u00fc Khutso<\/td><\/tr><tr><td>\u00a013<\/td><td>Neingu-\u00fc Lasushe<\/td><\/tr><tr><td>\u00a014<\/td><td>Vezopal\u00fc Khupf\u00fc<\/td><\/tr><tr><td>\u00a015<\/td><td>Welhitso-\u00fc Krome<\/td><\/tr><tr><td>\u00a016<\/td><td>Neikhwelo-\u00fc Mero<\/td><\/tr><tr><td>\u00a017<\/td><td>Vekhrote-\u00fc Lasuh<\/td><\/tr><tr><td>\u00a018<\/td><td>Neiwepe-\u00fc Lomi<\/td><\/tr><tr><td>\u00a019<\/td><td>Khrokedou-\u00fc Khutso<\/td><\/tr><\/tbody><\/table><\/figure>\n\n\n\n<p><br><\/p>\n\n\n\n<figure class=\"wp-block-table\"><table><tbody><tr><td>S No<\/td><td><strong>DEACONS<\/strong><\/td><\/tr><tr><td>\u00a01<\/td><td>Kewech\u00fclo Losou &nbsp;Chairman, Deacon<\/td><\/tr><tr><td>\u00a02<\/td><td>Pf\u00fclo Mero<\/td><\/tr><tr><td>\u00a03<\/td><td>Vel\u00fcnyo Puro<\/td><\/tr><tr><td>\u00a04<\/td><td>Wechete Mekrisuh<\/td><\/tr><tr><td>\u00a05<\/td><td>Vete Venuh<\/td><\/tr><tr><td>\u00a06<\/td><td>Vec\u00fcs\u00fcyi C\u00fcrhah<\/td><\/tr><tr><td>\u00a07<\/td><td>Ts\u00fctshowelhi Kapfo<\/td><\/tr><tr><td>\u00a08<\/td><td>Weprenyi Kromi<\/td><\/tr><tr><td>\u00a09<\/td><td>Senokha Therie&nbsp;<\/td><\/tr><tr><td>\u00a010<\/td><td>Vezhoh\u00fc Kezo<\/td><\/tr><tr><td>\u00a011<\/td><td>Medowelo Kronu<\/td><\/tr><tr><td>\u00a012<\/td><td>Cuvohu Hesu<\/td><\/tr><tr><td>\u00a013<\/td><td>Khalonyi Therie<\/td><\/tr><tr><td>\u00a014<\/td><td>Zhielhilo Khutsoh<\/td><\/tr><tr><td>\u00a015<\/td><td>Kache Kapfo<\/td><\/tr><tr><td>\u00a016<\/td><td>Neipe Venuh<\/td><\/tr><tr><td>\u00a017<\/td><td>Wekhate Elah<\/td><\/tr><tr><td>\u00a018<\/td><td>Medongulo Lomi<\/td><\/tr><tr><td>\u00a019<\/td><td>Thepuveyi Tetseo<\/td><\/tr><tr><td>\u00a020<\/td><td>Vekhoyo Vero<\/td><\/tr><tr><td>\u00a021<\/td><td>Zashekho Vadeo<\/td><\/tr><\/tbody><\/table><\/figure>\n","protected":false},"excerpt":{"rendered":"<p>S No DEACONNESS \u00a01 Neichute&#8230;<\/p>\n<p> <a class=\"continue-reading-link\" href=\"https:\/\/ptbcpfutsero.com\/?page_id=3134\"><span>Continue reading<\/span><i class=\"crycon-right-dir\"><\/i><\/a> <\/p>\n","protected":false},"author":1,"featured_media":0,"parent":0,"menu_order":0,"comment_status":"closed","ping_status":"closed","template":"","meta":{"_uag_custom_page_level_css":"","footnotes":""},"class_list":["post-3134","page","type-page","status-publish","hentry"],"aioseo_notices":[],"uagb_featured_image_src":{"full":false,"thumbnail":false,"medium":false,"medium_large":false,"large":false,"1536x1536":false,"2048x2048":false,"post-thumbnail":false,"header":false,"slider":false,"columns":false,"custom":false,"woocommerce_thumbnail":false,"woocommerce_single":false,"woocommerce_gallery_thumbnail":false},"uagb_author_info":{"display_name":"PTBC","author_link":"https:\/\/ptbcpfutsero.com\/?author=1"},"uagb_comment_info":0,"uagb_excerpt":"S No DEACONNESS \u00a01 Neichute... Continue reading","jetpack_sharing_enabled":true,"_links":{"self":[{"href":"https:\/\/ptbcpfutsero.com\/index.php?rest_route=\/wp\/v2\/pages\/3134","targetHints":{"allow":["GET"]}}],"collection":[{"href":"https:\/\/ptbcpfutsero.com\/index.php?rest_route=\/wp\/v2\/pages"}],"about":[{"href":"https:\/\/ptbcpfutsero.com\/index.php?rest_route=\/wp\/v2\/types\/page"}],"author":[{"embeddable":true,"href":"https:\/\/ptbcpfutsero.com\/index.php?rest_route=\/wp\/v2\/users\/1"}],"replies":[{"embeddable":true,"href":"https:\/\/ptbcpfutsero.com\/index.php?rest_route=%2Fwp%2Fv2%2Fcomments&post=3134"}],"version-history":[{"count":3,"href":"https:\/\/ptbcpfutsero.com\/index.php?rest_route=\/wp\/v2\/pages\/3134\/revisions"}],"predecessor-version":[{"id":3339,"href":"https:\/\/ptbcpfutsero.com\/index.php?rest_route=\/wp\/v2\/pages\/3134\/revisions\/3339"}],"wp:attachment":[{"href":"https:\/\/ptbcpfutsero.com\/index.php?rest_route=%2Fwp%2Fv2%2Fmedia&parent=3134"}],"curies":[{"name":"wp","href":"https:\/\/api.w.org\/{rel}","templated":true}]}}